{"id":649,"date":"2023-04-13T18:20:34","date_gmt":"2023-04-13T16:20:34","guid":{"rendered":"https:\/\/www.2.aris-energie.com\/cg145679-ovh\/?post_type=product&#038;p=649"},"modified":"2023-04-13T18:39:46","modified_gmt":"2023-04-13T16:39:46","slug":"systeme-standard-3-sunballast","status":"publish","type":"product","link":"https:\/\/www.2.aris-energie.com\/cg145679-ovh\/index.php\/product\/systeme-standard-3-sunballast\/","title":{"rendered":"Syst\u00e8me Standard 3\u00b0"},"content":{"rendered":"<h4><strong>Support b\u00e9ton pour panneaux solaires\u00a0 SUNBALLAST<\/strong><br \/>\n<strong>Syst\u00e8me standard<\/strong><br \/>\n<strong>Inclinaison 3\u00b0<\/strong><br \/>\n<strong>Pose panneaux \u00e0 l&#8217;horizontale ou la verticale<\/strong><br \/>\n<strong>REF: 23003 K<\/strong><\/h4>\n<p>&nbsp;<\/p>\n<p><strong>T\u00e9l\u00e9charger la documentstion technique:<\/strong><\/p>\n<p><a href=\"https:\/\/www.2.aris-energie.com\/cg145679-ovh\/wp-content\/uploads\/2023\/04\/Schede-Tecnice-3\u00b0.K-Sistema-Standard-FR.pdf\">Notice technique standard 3<\/a><a href=\"https:\/\/www.2.aris-energie.com\/cg145679-ovh\/wp-content\/uploads\/2023\/04\/Schede-Tecnice-0\u00b0.K-Sistema-Standard-FR-1.pdf\">\u00b0<\/a><\/p>\n<p><iframe loading=\"lazy\" title=\"Standard 3\u00b0 K\" width=\"640\" height=\"360\" src=\"https:\/\/www.youtube.com\/embed\/Lqfl7m4NgK8?feature=oembed\" frameborder=\"0\" allow=\"accelerometer; autoplay; clipboard-write; encrypted-media; gyroscope; picture-in-picture; web-share\" referrerpolicy=\"strict-origin-when-cross-origin\" allowfullscreen><\/iframe><\/p>\n<p>Le lest Sun Ballast 3 \u00b0K peut \u00eatre utilis\u00e9 aussi bien pour les installations \u00e0 rang\u00e9e unique que pour les\u00a0<strong>dispositions est-ouest<\/strong>.<br \/>\nL\u2019inclinaison basse permet de faire des installations non visibles de l\u2019ext\u00e9rieur dans les cas o\u00f9 il y a des<strong>\u00a0contraintes paysag\u00e8res<\/strong>. En outre, il est particuli\u00e8rement adapt\u00e9 quand il y a des limites de charge sur la couverture en raison de son poids limit\u00e9.<span style=\"font-size: 1rem;\">Le lest Sun Ballast 3\u00b0.K est une solution optimale lorsqu\u2019on est en pr\u00e9sence de : charge de la dalle limit\u00e9e, d\u2019espaces limit\u00e9s et de contraintes li\u00e9es \u00e0 la protection des paysages.Il joue \u00e0 la fois le r\u00f4le de support et de lest pour des panneaux solaires. Au cours de l\u2019installation, on met en place une gaine de protection en gomme entre le support et le toit.<\/span><\/p>\n<p>Les\u00a0<strong>panneaux photovolta\u00efques<\/strong>\u00a0sont accroch\u00e9s sur le support gr\u00e2ce \u00e0 une agrafe terminale et\/ou centrale, \u00e0 l\u2019aide de vis M8 viss\u00e9es dans la douille M8 qui est immerg\u00e9e dans la coul\u00e9e de support. L\u2019orientation du module peut \u00eatre horizontale ou verticale<\/p>\n<p><img decoding=\"async\" src=\"https:\/\/www.aris-energie.com\/img\/cms\/syst%C3%A8me%20standard%203%C2%B0-%204%20sunballast.png\" alt=\" \" \/><\/p>\n<p>&nbsp;<\/p>\n<p>&nbsp;<\/p>\n<p>&nbsp;<\/p>\n","protected":false},"excerpt":{"rendered":"<p>Support b\u00e9ton pour panneaux solaires\u00a0 SUNBALLAST Syst\u00e8me standard Inclinaison 3\u00b0 Pose panneaux \u00e0 l&#8217;horizontale ou la verticale REF: 23003 K &nbsp; T\u00e9l\u00e9charger la documentstion technique: Notice technique standard 3\u00b0 Le lest Sun Ballast 3 \u00b0K peut \u00eatre utilis\u00e9 aussi bien pour les installations \u00e0 rang\u00e9e unique que pour les\u00a0dispositions est-ouest. L\u2019inclinaison basse permet de faire &hellip; <\/p>\n<p class=\"link-more\"><a href=\"https:\/\/www.2.aris-energie.com\/cg145679-ovh\/index.php\/product\/systeme-standard-3-sunballast\/\" class=\"more-link\">Continue reading<span class=\"screen-reader-text\"> &#8220;Syst\u00e8me Standard 3\u00b0&#8221;<\/span><\/a><\/p>\n","protected":false},"featured_media":651,"comment_status":"open","ping_status":"closed","template":"","meta":{"_regular_price":[],"currency_symbol":[]},"product_cat":[21],"product_tag":[],"class_list":["post-649","product","type-product","status-publish","has-post-thumbnail","hentry","product_cat-systeme-standard-sunballast"],"post_slider_layout_featured_media_urls":{"thumbnail":["https:\/\/www.2.aris-energie.com\/cg145679-ovh\/wp-content\/uploads\/2023\/04\/systeme-standard-3\u00b0.-2-sunballast-150x150.png",150,150,true],"post_slider_layout_landscape_large":["https:\/\/www.2.aris-energie.com\/cg145679-ovh\/wp-content\/uploads\/2023\/04\/systeme-standard-3\u00b0.-2-sunballast.png",800,600,false],"post_slider_layout_portrait_large":["https:\/\/www.2.aris-energie.com\/cg145679-ovh\/wp-content\/uploads\/2023\/04\/systeme-standard-3\u00b0.-2-sunballast.png",800,600,false],"post_slider_layout_square_large":["https:\/\/www.2.aris-energie.com\/cg145679-ovh\/wp-content\/uploads\/2023\/04\/systeme-standard-3\u00b0.-2-sunballast.png",800,600,false],"post_slider_layout_landscape":["https:\/\/www.2.aris-energie.com\/cg145679-ovh\/wp-content\/uploads\/2023\/04\/systeme-standard-3\u00b0.-2-sunballast-600x400.png",600,400,true],"post_slider_layout_portrait":["https:\/\/www.2.aris-energie.com\/cg145679-ovh\/wp-content\/uploads\/2023\/04\/systeme-standard-3\u00b0.-2-sunballast-600x600.png",600,600,true],"post_slider_layout_square":["https:\/\/www.2.aris-energie.com\/cg145679-ovh\/wp-content\/uploads\/2023\/04\/systeme-standard-3\u00b0.-2-sunballast-600x600.png",600,600,true],"full":["https:\/\/www.2.aris-energie.com\/cg145679-ovh\/wp-content\/uploads\/2023\/04\/systeme-standard-3\u00b0.-2-sunballast.png",800,600,false]},"_links":{"self":[{"href":"https:\/\/www.2.aris-energie.com\/cg145679-ovh\/index.php\/wp-json\/wp\/v2\/product\/649","targetHints":{"allow":["GET"]}}],"collection":[{"href":"https:\/\/www.2.aris-energie.com\/cg145679-ovh\/index.php\/wp-json\/wp\/v2\/product"}],"about":[{"href":"https:\/\/www.2.aris-energie.com\/cg145679-ovh\/index.php\/wp-json\/wp\/v2\/types\/product"}],"replies":[{"embeddable":true,"href":"https:\/\/www.2.aris-energie.com\/cg145679-ovh\/index.php\/wp-json\/wp\/v2\/comments?post=649"}],"wp:featuredmedia":[{"embeddable":true,"href":"https:\/\/www.2.aris-energie.com\/cg145679-ovh\/index.php\/wp-json\/wp\/v2\/media\/651"}],"wp:attachment":[{"href":"https:\/\/www.2.aris-energie.com\/cg145679-ovh\/index.php\/wp-json\/wp\/v2\/media?parent=649"}],"wp:term":[{"taxonomy":"product_cat","embeddable":true,"href":"https:\/\/www.2.aris-energie.com\/cg145679-ovh\/index.php\/wp-json\/wp\/v2\/product_cat?post=649"},{"taxonomy":"product_tag","embeddable":true,"href":"https:\/\/www.2.aris-energie.com\/cg145679-ovh\/index.php\/wp-json\/wp\/v2\/product_tag?post=649"}],"curies":[{"name":"wp","href":"https:\/\/api.w.org\/{rel}","templated":true}]}}